{"id":4647,"date":"2025-09-12T09:03:46","date_gmt":"2025-09-12T07:03:46","guid":{"rendered":"https:\/\/worldharmonicafestival.de\/zeitplan-des-festivals-und-details-zum-wettbewerb\/"},"modified":"2025-10-09T14:43:03","modified_gmt":"2025-10-09T12:43:03","slug":"zeitplan-des-festivals-und-details-zum-wettbewerb","status":"publish","type":"page","link":"https:\/\/worldharmonicafestival.de\/de\/zeitplan-des-festivals-und-details-zum-wettbewerb\/","title":{"rendered":"Zeitplan des Festivals und Details zum Wettbewerb"},"content":{"rendered":"","protected":false},"excerpt":{"rendered":"","protected":false},"author":4,"featured_media":4622,"parent":0,"menu_order":0,"comment_status":"closed","ping_status":"closed","template":"","meta":{"_price":"","_stock":"","_tribe_ticket_header":"","_tribe_default_ticket_provider":"","_tribe_ticket_capacity":"0","_ticket_start_date":"","_ticket_end_date":"","_tribe_ticket_show_description":"","_tribe_ticket_show_not_going":false,"_tribe_ticket_use_global_stock":"","_tribe_ticket_global_stock_level":"","_global_stock_mode":"","_global_stock_cap":"","_tribe_rsvp_for_event":"","_tribe_ticket_going_count":"","_tribe_ticket_not_going_count":"","_tribe_tickets_list":"[]","_tribe_ticket_has_attendee_info_fields":false,"footnotes":"","_tec_slr_enabled":"","_tec_slr_layout":""},"class_list":["post-4647","page","type-page","status-publish","has-post-thumbnail","hentry"],"yoast_head":"<!-- This site is optimized with the Yoast SEO plugin v25.7 - https:\/\/yoast.com\/wordpress\/plugins\/seo\/ -->\n<title>Zeitplan des Festivals und Details zum Wettbewerb - worldharmonicafestival.de<\/title>\n<meta name=\"description\" content=\"Entdecken Sie den vollst\u00e4ndigen \u00dcberblick \u00fcber das World Harmonica Festival: Zeitpl\u00e4ne f\u00fcr das allgemeine Programm, Wettbewerbe und Workshops sowie die Liste der angemeldeten Teilnehmer finden Sie hier.\" \/>\n<meta name=\"robots\" content=\"index, follow, max-snippet:-1, max-image-preview:large, max-video-preview:-1\" \/>\n<link rel=\"canonical\" href=\"https:\/\/worldharmonicafestival.de\/de\/zeitplan-des-festivals-und-details-zum-wettbewerb\/\" \/>\n<meta property=\"og:locale\" content=\"de_DE\" \/>\n<meta property=\"og:type\" content=\"article\" \/>\n<meta property=\"og:title\" content=\"Zeitplan des Festivals und Details zum Wettbewerb - worldharmonicafestival.de\" \/>\n<meta property=\"og:description\" content=\"Entdecken Sie den vollst\u00e4ndigen \u00dcberblick \u00fcber das World Harmonica Festival: Zeitpl\u00e4ne f\u00fcr das allgemeine Programm, Wettbewerbe und Workshops sowie die Liste der angemeldeten Teilnehmer finden Sie hier.\" \/>\n<meta property=\"og:url\" content=\"https:\/\/worldharmonicafestival.de\/de\/zeitplan-des-festivals-und-details-zum-wettbewerb\/\" \/>\n<meta property=\"og:site_name\" content=\"worldharmonicafestival.de\" \/>\n<meta property=\"article:publisher\" content=\"https:\/\/www.facebook.com\/HohnerMusic\" \/>\n<meta property=\"article:modified_time\" content=\"2025-10-09T12:43:03+00:00\" \/>\n<meta property=\"og:image\" content=\"http:\/\/worldharmonicafestival.de\/wp-content\/uploads\/2025\/09\/schedule.jpg\" \/>\n\t<meta property=\"og:image:width\" content=\"1200\" \/>\n\t<meta property=\"og:image:height\" content=\"800\" \/>\n\t<meta property=\"og:image:type\" content=\"image\/jpeg\" \/>\n<meta name=\"twitter:card\" content=\"summary_large_image\" \/>\n<meta name=\"twitter:site\" content=\"@playhohner\" \/>\n<meta name=\"twitter:label1\" content=\"Gesch\u00e4tzte Lesezeit\" \/>\n\t<meta name=\"twitter:data1\" content=\"1\u00a0Minute\" \/>\n<script type=\"application\/ld+json\" class=\"yoast-schema-graph\">{\"@context\":\"https:\/\/schema.org\",\"@graph\":[{\"@type\":\"WebPage\",\"@id\":\"https:\/\/worldharmonicafestival.de\/de\/zeitplan-des-festivals-und-details-zum-wettbewerb\/\",\"url\":\"https:\/\/worldharmonicafestival.de\/de\/zeitplan-des-festivals-und-details-zum-wettbewerb\/\",\"name\":\"Zeitplan des Festivals und Details zum Wettbewerb - worldharmonicafestival.de\",\"isPartOf\":{\"@id\":\"https:\/\/worldharmonicafestival.de\/de\/#website\"},\"primaryImageOfPage\":{\"@id\":\"https:\/\/worldharmonicafestival.de\/de\/zeitplan-des-festivals-und-details-zum-wettbewerb\/#primaryimage\"},\"image\":{\"@id\":\"https:\/\/worldharmonicafestival.de\/de\/zeitplan-des-festivals-und-details-zum-wettbewerb\/#primaryimage\"},\"thumbnailUrl\":\"https:\/\/worldharmonicafestival.de\/wp-content\/uploads\/2025\/09\/schedule.jpg\",\"datePublished\":\"2025-09-12T07:03:46+00:00\",\"dateModified\":\"2025-10-09T12:43:03+00:00\",\"description\":\"Entdecken Sie den vollst\u00e4ndigen \u00dcberblick \u00fcber das World Harmonica Festival: Zeitpl\u00e4ne f\u00fcr das allgemeine Programm, Wettbewerbe und Workshops sowie die Liste der angemeldeten Teilnehmer finden Sie hier.\",\"breadcrumb\":{\"@id\":\"https:\/\/worldharmonicafestival.de\/de\/zeitplan-des-festivals-und-details-zum-wettbewerb\/#breadcrumb\"},\"inLanguage\":\"de\",\"potentialAction\":[{\"@type\":\"ReadAction\",\"target\":[\"https:\/\/worldharmonicafestival.de\/de\/zeitplan-des-festivals-und-details-zum-wettbewerb\/\"]}]},{\"@type\":\"ImageObject\",\"inLanguage\":\"de\",\"@id\":\"https:\/\/worldharmonicafestival.de\/de\/zeitplan-des-festivals-und-details-zum-wettbewerb\/#primaryimage\",\"url\":\"https:\/\/worldharmonicafestival.de\/wp-content\/uploads\/2025\/09\/schedule.jpg\",\"contentUrl\":\"https:\/\/worldharmonicafestival.de\/wp-content\/uploads\/2025\/09\/schedule.jpg\",\"width\":1200,\"height\":800},{\"@type\":\"BreadcrumbList\",\"@id\":\"https:\/\/worldharmonicafestival.de\/de\/zeitplan-des-festivals-und-details-zum-wettbewerb\/#breadcrumb\",\"itemListElement\":[{\"@type\":\"ListItem\",\"position\":1,\"name\":\"Home\",\"item\":\"https:\/\/worldharmonicafestival.de\/de\/\"},{\"@type\":\"ListItem\",\"position\":2,\"name\":\"Zeitplan des Festivals und Details zum Wettbewerb\"}]},{\"@type\":\"WebSite\",\"@id\":\"https:\/\/worldharmonicafestival.de\/de\/#website\",\"url\":\"https:\/\/worldharmonicafestival.de\/de\/\",\"name\":\"worldharmonicafestival.de\",\"description\":\"World Harmonica Festival 2025 Oct. 29th - Nov. 2nd  Trossingen \/ Germany\",\"publisher\":{\"@id\":\"https:\/\/worldharmonicafestival.de\/de\/#organization\"},\"potentialAction\":[{\"@type\":\"SearchAction\",\"target\":{\"@type\":\"EntryPoint\",\"urlTemplate\":\"https:\/\/worldharmonicafestival.de\/de\/?s={search_term_string}\"},\"query-input\":{\"@type\":\"PropertyValueSpecification\",\"valueRequired\":true,\"valueName\":\"search_term_string\"}}],\"inLanguage\":\"de\"},{\"@type\":\"Organization\",\"@id\":\"https:\/\/worldharmonicafestival.de\/de\/#organization\",\"name\":\"World Harmonica Festival 2025\",\"url\":\"https:\/\/worldharmonicafestival.de\/de\/\",\"logo\":{\"@type\":\"ImageObject\",\"inLanguage\":\"de\",\"@id\":\"https:\/\/worldharmonicafestival.de\/de\/#\/schema\/logo\/image\/\",\"url\":\"https:\/\/worldharmonicafestival.de\/wp-content\/uploads\/2025\/02\/home.jpg\",\"contentUrl\":\"https:\/\/worldharmonicafestival.de\/wp-content\/uploads\/2025\/02\/home.jpg\",\"width\":1920,\"height\":1080,\"caption\":\"World Harmonica Festival 2025\"},\"image\":{\"@id\":\"https:\/\/worldharmonicafestival.de\/de\/#\/schema\/logo\/image\/\"},\"sameAs\":[\"https:\/\/www.facebook.com\/HohnerMusic\",\"https:\/\/x.com\/playhohner\",\"https:\/\/www.instagram.com\/hohnerharmonica\/\"]}]}<\/script>\n<!-- \/ Yoast SEO plugin. -->","yoast_head_json":{"title":"Zeitplan des Festivals und Details zum Wettbewerb - worldharmonicafestival.de","description":"Entdecken Sie den vollst\u00e4ndigen \u00dcberblick \u00fcber das World Harmonica Festival: Zeitpl\u00e4ne f\u00fcr das allgemeine Programm, Wettbewerbe und Workshops sowie die Liste der angemeldeten Teilnehmer finden Sie hier.","robots":{"index":"index","follow":"follow","max-snippet":"max-snippet:-1","max-image-preview":"max-image-preview:large","max-video-preview":"max-video-preview:-1"},"canonical":"https:\/\/worldharmonicafestival.de\/de\/zeitplan-des-festivals-und-details-zum-wettbewerb\/","og_locale":"de_DE","og_type":"article","og_title":"Zeitplan des Festivals und Details zum Wettbewerb - worldharmonicafestival.de","og_description":"Entdecken Sie den vollst\u00e4ndigen \u00dcberblick \u00fcber das World Harmonica Festival: Zeitpl\u00e4ne f\u00fcr das allgemeine Programm, Wettbewerbe und Workshops sowie die Liste der angemeldeten Teilnehmer finden Sie hier.","og_url":"https:\/\/worldharmonicafestival.de\/de\/zeitplan-des-festivals-und-details-zum-wettbewerb\/","og_site_name":"worldharmonicafestival.de","article_publisher":"https:\/\/www.facebook.com\/HohnerMusic","article_modified_time":"2025-10-09T12:43:03+00:00","og_image":[{"width":1200,"height":800,"url":"http:\/\/worldharmonicafestival.de\/wp-content\/uploads\/2025\/09\/schedule.jpg","type":"image\/jpeg"}],"twitter_card":"summary_large_image","twitter_site":"@playhohner","twitter_misc":{"Gesch\u00e4tzte Lesezeit":"1\u00a0Minute"},"schema":{"@context":"https:\/\/schema.org","@graph":[{"@type":"WebPage","@id":"https:\/\/worldharmonicafestival.de\/de\/zeitplan-des-festivals-und-details-zum-wettbewerb\/","url":"https:\/\/worldharmonicafestival.de\/de\/zeitplan-des-festivals-und-details-zum-wettbewerb\/","name":"Zeitplan des Festivals und Details zum Wettbewerb - worldharmonicafestival.de","isPartOf":{"@id":"https:\/\/worldharmonicafestival.de\/de\/#website"},"primaryImageOfPage":{"@id":"https:\/\/worldharmonicafestival.de\/de\/zeitplan-des-festivals-und-details-zum-wettbewerb\/#primaryimage"},"image":{"@id":"https:\/\/worldharmonicafestival.de\/de\/zeitplan-des-festivals-und-details-zum-wettbewerb\/#primaryimage"},"thumbnailUrl":"https:\/\/worldharmonicafestival.de\/wp-content\/uploads\/2025\/09\/schedule.jpg","datePublished":"2025-09-12T07:03:46+00:00","dateModified":"2025-10-09T12:43:03+00:00","description":"Entdecken Sie den vollst\u00e4ndigen \u00dcberblick \u00fcber das World Harmonica Festival: Zeitpl\u00e4ne f\u00fcr das allgemeine Programm, Wettbewerbe und Workshops sowie die Liste der angemeldeten Teilnehmer finden Sie hier.","breadcrumb":{"@id":"https:\/\/worldharmonicafestival.de\/de\/zeitplan-des-festivals-und-details-zum-wettbewerb\/#breadcrumb"},"inLanguage":"de","potentialAction":[{"@type":"ReadAction","target":["https:\/\/worldharmonicafestival.de\/de\/zeitplan-des-festivals-und-details-zum-wettbewerb\/"]}]},{"@type":"ImageObject","inLanguage":"de","@id":"https:\/\/worldharmonicafestival.de\/de\/zeitplan-des-festivals-und-details-zum-wettbewerb\/#primaryimage","url":"https:\/\/worldharmonicafestival.de\/wp-content\/uploads\/2025\/09\/schedule.jpg","contentUrl":"https:\/\/worldharmonicafestival.de\/wp-content\/uploads\/2025\/09\/schedule.jpg","width":1200,"height":800},{"@type":"BreadcrumbList","@id":"https:\/\/worldharmonicafestival.de\/de\/zeitplan-des-festivals-und-details-zum-wettbewerb\/#breadcrumb","itemListElement":[{"@type":"ListItem","position":1,"name":"Home","item":"https:\/\/worldharmonicafestival.de\/de\/"},{"@type":"ListItem","position":2,"name":"Zeitplan des Festivals und Details zum Wettbewerb"}]},{"@type":"WebSite","@id":"https:\/\/worldharmonicafestival.de\/de\/#website","url":"https:\/\/worldharmonicafestival.de\/de\/","name":"worldharmonicafestival.de","description":"World Harmonica Festival 2025 Oct. 29th - Nov. 2nd  Trossingen \/ Germany","publisher":{"@id":"https:\/\/worldharmonicafestival.de\/de\/#organization"},"potentialAction":[{"@type":"SearchAction","target":{"@type":"EntryPoint","urlTemplate":"https:\/\/worldharmonicafestival.de\/de\/?s={search_term_string}"},"query-input":{"@type":"PropertyValueSpecification","valueRequired":true,"valueName":"search_term_string"}}],"inLanguage":"de"},{"@type":"Organization","@id":"https:\/\/worldharmonicafestival.de\/de\/#organization","name":"World Harmonica Festival 2025","url":"https:\/\/worldharmonicafestival.de\/de\/","logo":{"@type":"ImageObject","inLanguage":"de","@id":"https:\/\/worldharmonicafestival.de\/de\/#\/schema\/logo\/image\/","url":"https:\/\/worldharmonicafestival.de\/wp-content\/uploads\/2025\/02\/home.jpg","contentUrl":"https:\/\/worldharmonicafestival.de\/wp-content\/uploads\/2025\/02\/home.jpg","width":1920,"height":1080,"caption":"World Harmonica Festival 2025"},"image":{"@id":"https:\/\/worldharmonicafestival.de\/de\/#\/schema\/logo\/image\/"},"sameAs":["https:\/\/www.facebook.com\/HohnerMusic","https:\/\/x.com\/playhohner","https:\/\/www.instagram.com\/hohnerharmonica\/"]}]}},"ticketed":false,"_links":{"self":[{"href":"https:\/\/worldharmonicafestival.de\/de\/wp-json\/wp\/v2\/pages\/4647","targetHints":{"allow":["GET"]}}],"collection":[{"href":"https:\/\/worldharmonicafestival.de\/de\/wp-json\/wp\/v2\/pages"}],"about":[{"href":"https:\/\/worldharmonicafestival.de\/de\/wp-json\/wp\/v2\/types\/page"}],"author":[{"embeddable":true,"href":"https:\/\/worldharmonicafestival.de\/de\/wp-json\/wp\/v2\/users\/4"}],"replies":[{"embeddable":true,"href":"https:\/\/worldharmonicafestival.de\/de\/wp-json\/wp\/v2\/comments?post=4647"}],"version-history":[{"count":1,"href":"https:\/\/worldharmonicafestival.de\/de\/wp-json\/wp\/v2\/pages\/4647\/revisions"}],"predecessor-version":[{"id":4649,"href":"https:\/\/worldharmonicafestival.de\/de\/wp-json\/wp\/v2\/pages\/4647\/revisions\/4649"}],"wp:featuredmedia":[{"embeddable":true,"href":"https:\/\/worldharmonicafestival.de\/de\/wp-json\/wp\/v2\/media\/4622"}],"wp:attachment":[{"href":"https:\/\/worldharmonicafestival.de\/de\/wp-json\/wp\/v2\/media?parent=4647"}],"curies":[{"name":"wp","href":"https:\/\/api.w.org\/{rel}","templated":true}]}}