{"id":2164,"date":"2025-01-16T10:48:07","date_gmt":"2025-01-16T09:48:07","guid":{"rendered":"https:\/\/worldharmonicafestival.de\/kuenstler-profil-santiago-alvarez\/"},"modified":"2025-05-13T11:14:46","modified_gmt":"2025-05-13T09:14:46","slug":"kuenstler-profil-santiago-alvarez","status":"publish","type":"page","link":"https:\/\/worldharmonicafestival.de\/de\/kuenstler-profil-santiago-alvarez\/","title":{"rendered":"K\u00fcnstler Profil: Santiago Alvarez"},"content":{"rendered":"","protected":false},"excerpt":{"rendered":"","protected":false},"author":1,"featured_media":1630,"parent":0,"menu_order":0,"comment_status":"closed","ping_status":"closed","template":"","meta":{"_price":"","_stock":"","_tribe_ticket_header":"","_tribe_default_ticket_provider":"","_tribe_ticket_capacity":"0","_ticket_start_date":"","_ticket_end_date":"","_tribe_ticket_show_description":"","_tribe_ticket_show_not_going":false,"_tribe_ticket_use_global_stock":"","_tribe_ticket_global_stock_level":"","_global_stock_mode":"","_global_stock_cap":"","_tribe_rsvp_for_event":"","_tribe_ticket_going_count":"","_tribe_ticket_not_going_count":"","_tribe_tickets_list":"[]","_tribe_ticket_has_attendee_info_fields":false,"footnotes":"","_tec_slr_enabled":"","_tec_slr_layout":""},"class_list":["post-2164","page","type-page","status-publish","has-post-thumbnail","hentry"],"yoast_head":"<!-- This site is optimized with the Yoast SEO plugin v25.7 - https:\/\/yoast.com\/wordpress\/plugins\/seo\/ -->\n<title>WHF 2025 - K\u00fcnstler Profil: Santiago Alvarez - worldharmonicafestival.de<\/title>\n<meta name=\"description\" content=\"Santiago Alvarez hat sich dem Tango und der argentinischen Volksmusik verschrieben. Urspr\u00fcnglich aus Buenos Aires stammend und mit 20 Jahren Musikerfahrung hat er der Musik seines Heimatlandes eine neue Stimme verliehen. Er hat mehrere Musikalben aufgenommen und ist mit zahlreichen k\u00fcnstlerischen Besetzungen in Lateinamerika und Europa auf Tournee gegangen. Seit l\u00e4ngerem widmet sich auch der Musikp\u00e4dagogik.\" \/>\n<meta name=\"robots\" content=\"index, follow, max-snippet:-1, max-image-preview:large, max-video-preview:-1\" \/>\n<link rel=\"canonical\" href=\"https:\/\/worldharmonicafestival.de\/de\/kuenstler-profil-santiago-alvarez\/\" \/>\n<meta property=\"og:locale\" content=\"de_DE\" \/>\n<meta property=\"og:type\" content=\"article\" \/>\n<meta property=\"og:title\" content=\"WHF 2025 - K\u00fcnstler Profil: Santiago Alvarez - worldharmonicafestival.de\" \/>\n<meta property=\"og:description\" content=\"Santiago Alvarez hat sich dem Tango und der argentinischen Volksmusik verschrieben. Urspr\u00fcnglich aus Buenos Aires stammend und mit 20 Jahren Musikerfahrung hat er der Musik seines Heimatlandes eine neue Stimme verliehen. Er hat mehrere Musikalben aufgenommen und ist mit zahlreichen k\u00fcnstlerischen Besetzungen in Lateinamerika und Europa auf Tournee gegangen. Seit l\u00e4ngerem widmet sich auch der Musikp\u00e4dagogik.\" \/>\n<meta property=\"og:url\" content=\"https:\/\/worldharmonicafestival.de\/de\/kuenstler-profil-santiago-alvarez\/\" \/>\n<meta property=\"og:site_name\" content=\"worldharmonicafestival.de\" \/>\n<meta property=\"article:publisher\" content=\"https:\/\/www.facebook.com\/HohnerMusic\" \/>\n<meta property=\"article:modified_time\" content=\"2025-05-13T09:14:46+00:00\" \/>\n<meta property=\"og:image\" content=\"https:\/\/worldharmonicafestival.de\/wp-content\/uploads\/2025\/01\/Santiago_Alvarez_375.jpg\" \/>\n\t<meta property=\"og:image:width\" content=\"375\" \/>\n\t<meta property=\"og:image:height\" content=\"265\" \/>\n\t<meta property=\"og:image:type\" content=\"image\/jpeg\" \/>\n<meta name=\"twitter:card\" content=\"summary_large_image\" \/>\n<meta name=\"twitter:site\" content=\"@playhohner\" \/>\n<script type=\"application\/ld+json\" class=\"yoast-schema-graph\">{\"@context\":\"https:\/\/schema.org\",\"@graph\":[{\"@type\":\"WebPage\",\"@id\":\"https:\/\/worldharmonicafestival.de\/de\/kuenstler-profil-santiago-alvarez\/\",\"url\":\"https:\/\/worldharmonicafestival.de\/de\/kuenstler-profil-santiago-alvarez\/\",\"name\":\"WHF 2025 - K\u00fcnstler Profil: Santiago Alvarez - worldharmonicafestival.de\",\"isPartOf\":{\"@id\":\"https:\/\/worldharmonicafestival.de\/de\/#website\"},\"primaryImageOfPage\":{\"@id\":\"https:\/\/worldharmonicafestival.de\/de\/kuenstler-profil-santiago-alvarez\/#primaryimage\"},\"image\":{\"@id\":\"https:\/\/worldharmonicafestival.de\/de\/kuenstler-profil-santiago-alvarez\/#primaryimage\"},\"thumbnailUrl\":\"https:\/\/worldharmonicafestival.de\/wp-content\/uploads\/2025\/01\/Santiago_Alvarez_375.jpg\",\"datePublished\":\"2025-01-16T09:48:07+00:00\",\"dateModified\":\"2025-05-13T09:14:46+00:00\",\"description\":\"Santiago Alvarez hat sich dem Tango und der argentinischen Volksmusik verschrieben. Urspr\u00fcnglich aus Buenos Aires stammend und mit 20 Jahren Musikerfahrung hat er der Musik seines Heimatlandes eine neue Stimme verliehen. Er hat mehrere Musikalben aufgenommen und ist mit zahlreichen k\u00fcnstlerischen Besetzungen in Lateinamerika und Europa auf Tournee gegangen. Seit l\u00e4ngerem widmet sich auch der Musikp\u00e4dagogik.\",\"breadcrumb\":{\"@id\":\"https:\/\/worldharmonicafestival.de\/de\/kuenstler-profil-santiago-alvarez\/#breadcrumb\"},\"inLanguage\":\"de\",\"potentialAction\":[{\"@type\":\"ReadAction\",\"target\":[\"https:\/\/worldharmonicafestival.de\/de\/kuenstler-profil-santiago-alvarez\/\"]}]},{\"@type\":\"ImageObject\",\"inLanguage\":\"de\",\"@id\":\"https:\/\/worldharmonicafestival.de\/de\/kuenstler-profil-santiago-alvarez\/#primaryimage\",\"url\":\"https:\/\/worldharmonicafestival.de\/wp-content\/uploads\/2025\/01\/Santiago_Alvarez_375.jpg\",\"contentUrl\":\"https:\/\/worldharmonicafestival.de\/wp-content\/uploads\/2025\/01\/Santiago_Alvarez_375.jpg\",\"width\":375,\"height\":265},{\"@type\":\"BreadcrumbList\",\"@id\":\"https:\/\/worldharmonicafestival.de\/de\/kuenstler-profil-santiago-alvarez\/#breadcrumb\",\"itemListElement\":[{\"@type\":\"ListItem\",\"position\":1,\"name\":\"Home\",\"item\":\"https:\/\/worldharmonicafestival.de\/de\/\"},{\"@type\":\"ListItem\",\"position\":2,\"name\":\"K\u00fcnstler Profil: Santiago Alvarez\"}]},{\"@type\":\"WebSite\",\"@id\":\"https:\/\/worldharmonicafestival.de\/de\/#website\",\"url\":\"https:\/\/worldharmonicafestival.de\/de\/\",\"name\":\"worldharmonicafestival.de\",\"description\":\"World Harmonica Festival 2025 Oct. 29th - Nov. 2nd  Trossingen \/ Germany\",\"publisher\":{\"@id\":\"https:\/\/worldharmonicafestival.de\/de\/#organization\"},\"potentialAction\":[{\"@type\":\"SearchAction\",\"target\":{\"@type\":\"EntryPoint\",\"urlTemplate\":\"https:\/\/worldharmonicafestival.de\/de\/?s={search_term_string}\"},\"query-input\":{\"@type\":\"PropertyValueSpecification\",\"valueRequired\":true,\"valueName\":\"search_term_string\"}}],\"inLanguage\":\"de\"},{\"@type\":\"Organization\",\"@id\":\"https:\/\/worldharmonicafestival.de\/de\/#organization\",\"name\":\"World Harmonica Festival 2025\",\"url\":\"https:\/\/worldharmonicafestival.de\/de\/\",\"logo\":{\"@type\":\"ImageObject\",\"inLanguage\":\"de\",\"@id\":\"https:\/\/worldharmonicafestival.de\/de\/#\/schema\/logo\/image\/\",\"url\":\"https:\/\/worldharmonicafestival.de\/wp-content\/uploads\/2025\/02\/home.jpg\",\"contentUrl\":\"https:\/\/worldharmonicafestival.de\/wp-content\/uploads\/2025\/02\/home.jpg\",\"width\":1920,\"height\":1080,\"caption\":\"World Harmonica Festival 2025\"},\"image\":{\"@id\":\"https:\/\/worldharmonicafestival.de\/de\/#\/schema\/logo\/image\/\"},\"sameAs\":[\"https:\/\/www.facebook.com\/HohnerMusic\",\"https:\/\/x.com\/playhohner\",\"https:\/\/www.instagram.com\/hohnerharmonica\/\"]}]}<\/script>\n<!-- \/ Yoast SEO plugin. -->","yoast_head_json":{"title":"WHF 2025 - K\u00fcnstler Profil: Santiago Alvarez - worldharmonicafestival.de","description":"Santiago Alvarez hat sich dem Tango und der argentinischen Volksmusik verschrieben. Urspr\u00fcnglich aus Buenos Aires stammend und mit 20 Jahren Musikerfahrung hat er der Musik seines Heimatlandes eine neue Stimme verliehen. Er hat mehrere Musikalben aufgenommen und ist mit zahlreichen k\u00fcnstlerischen Besetzungen in Lateinamerika und Europa auf Tournee gegangen. Seit l\u00e4ngerem widmet sich auch der Musikp\u00e4dagogik.","robots":{"index":"index","follow":"follow","max-snippet":"max-snippet:-1","max-image-preview":"max-image-preview:large","max-video-preview":"max-video-preview:-1"},"canonical":"https:\/\/worldharmonicafestival.de\/de\/kuenstler-profil-santiago-alvarez\/","og_locale":"de_DE","og_type":"article","og_title":"WHF 2025 - K\u00fcnstler Profil: Santiago Alvarez - worldharmonicafestival.de","og_description":"Santiago Alvarez hat sich dem Tango und der argentinischen Volksmusik verschrieben. Urspr\u00fcnglich aus Buenos Aires stammend und mit 20 Jahren Musikerfahrung hat er der Musik seines Heimatlandes eine neue Stimme verliehen. Er hat mehrere Musikalben aufgenommen und ist mit zahlreichen k\u00fcnstlerischen Besetzungen in Lateinamerika und Europa auf Tournee gegangen. Seit l\u00e4ngerem widmet sich auch der Musikp\u00e4dagogik.","og_url":"https:\/\/worldharmonicafestival.de\/de\/kuenstler-profil-santiago-alvarez\/","og_site_name":"worldharmonicafestival.de","article_publisher":"https:\/\/www.facebook.com\/HohnerMusic","article_modified_time":"2025-05-13T09:14:46+00:00","og_image":[{"width":375,"height":265,"url":"https:\/\/worldharmonicafestival.de\/wp-content\/uploads\/2025\/01\/Santiago_Alvarez_375.jpg","type":"image\/jpeg"}],"twitter_card":"summary_large_image","twitter_site":"@playhohner","schema":{"@context":"https:\/\/schema.org","@graph":[{"@type":"WebPage","@id":"https:\/\/worldharmonicafestival.de\/de\/kuenstler-profil-santiago-alvarez\/","url":"https:\/\/worldharmonicafestival.de\/de\/kuenstler-profil-santiago-alvarez\/","name":"WHF 2025 - K\u00fcnstler Profil: Santiago Alvarez - worldharmonicafestival.de","isPartOf":{"@id":"https:\/\/worldharmonicafestival.de\/de\/#website"},"primaryImageOfPage":{"@id":"https:\/\/worldharmonicafestival.de\/de\/kuenstler-profil-santiago-alvarez\/#primaryimage"},"image":{"@id":"https:\/\/worldharmonicafestival.de\/de\/kuenstler-profil-santiago-alvarez\/#primaryimage"},"thumbnailUrl":"https:\/\/worldharmonicafestival.de\/wp-content\/uploads\/2025\/01\/Santiago_Alvarez_375.jpg","datePublished":"2025-01-16T09:48:07+00:00","dateModified":"2025-05-13T09:14:46+00:00","description":"Santiago Alvarez hat sich dem Tango und der argentinischen Volksmusik verschrieben. Urspr\u00fcnglich aus Buenos Aires stammend und mit 20 Jahren Musikerfahrung hat er der Musik seines Heimatlandes eine neue Stimme verliehen. Er hat mehrere Musikalben aufgenommen und ist mit zahlreichen k\u00fcnstlerischen Besetzungen in Lateinamerika und Europa auf Tournee gegangen. Seit l\u00e4ngerem widmet sich auch der Musikp\u00e4dagogik.","breadcrumb":{"@id":"https:\/\/worldharmonicafestival.de\/de\/kuenstler-profil-santiago-alvarez\/#breadcrumb"},"inLanguage":"de","potentialAction":[{"@type":"ReadAction","target":["https:\/\/worldharmonicafestival.de\/de\/kuenstler-profil-santiago-alvarez\/"]}]},{"@type":"ImageObject","inLanguage":"de","@id":"https:\/\/worldharmonicafestival.de\/de\/kuenstler-profil-santiago-alvarez\/#primaryimage","url":"https:\/\/worldharmonicafestival.de\/wp-content\/uploads\/2025\/01\/Santiago_Alvarez_375.jpg","contentUrl":"https:\/\/worldharmonicafestival.de\/wp-content\/uploads\/2025\/01\/Santiago_Alvarez_375.jpg","width":375,"height":265},{"@type":"BreadcrumbList","@id":"https:\/\/worldharmonicafestival.de\/de\/kuenstler-profil-santiago-alvarez\/#breadcrumb","itemListElement":[{"@type":"ListItem","position":1,"name":"Home","item":"https:\/\/worldharmonicafestival.de\/de\/"},{"@type":"ListItem","position":2,"name":"K\u00fcnstler Profil: Santiago Alvarez"}]},{"@type":"WebSite","@id":"https:\/\/worldharmonicafestival.de\/de\/#website","url":"https:\/\/worldharmonicafestival.de\/de\/","name":"worldharmonicafestival.de","description":"World Harmonica Festival 2025 Oct. 29th - Nov. 2nd  Trossingen \/ Germany","publisher":{"@id":"https:\/\/worldharmonicafestival.de\/de\/#organization"},"potentialAction":[{"@type":"SearchAction","target":{"@type":"EntryPoint","urlTemplate":"https:\/\/worldharmonicafestival.de\/de\/?s={search_term_string}"},"query-input":{"@type":"PropertyValueSpecification","valueRequired":true,"valueName":"search_term_string"}}],"inLanguage":"de"},{"@type":"Organization","@id":"https:\/\/worldharmonicafestival.de\/de\/#organization","name":"World Harmonica Festival 2025","url":"https:\/\/worldharmonicafestival.de\/de\/","logo":{"@type":"ImageObject","inLanguage":"de","@id":"https:\/\/worldharmonicafestival.de\/de\/#\/schema\/logo\/image\/","url":"https:\/\/worldharmonicafestival.de\/wp-content\/uploads\/2025\/02\/home.jpg","contentUrl":"https:\/\/worldharmonicafestival.de\/wp-content\/uploads\/2025\/02\/home.jpg","width":1920,"height":1080,"caption":"World Harmonica Festival 2025"},"image":{"@id":"https:\/\/worldharmonicafestival.de\/de\/#\/schema\/logo\/image\/"},"sameAs":["https:\/\/www.facebook.com\/HohnerMusic","https:\/\/x.com\/playhohner","https:\/\/www.instagram.com\/hohnerharmonica\/"]}]}},"ticketed":false,"_links":{"self":[{"href":"https:\/\/worldharmonicafestival.de\/de\/wp-json\/wp\/v2\/pages\/2164","targetHints":{"allow":["GET"]}}],"collection":[{"href":"https:\/\/worldharmonicafestival.de\/de\/wp-json\/wp\/v2\/pages"}],"about":[{"href":"https:\/\/worldharmonicafestival.de\/de\/wp-json\/wp\/v2\/types\/page"}],"author":[{"embeddable":true,"href":"https:\/\/worldharmonicafestival.de\/de\/wp-json\/wp\/v2\/users\/1"}],"replies":[{"embeddable":true,"href":"https:\/\/worldharmonicafestival.de\/de\/wp-json\/wp\/v2\/comments?post=2164"}],"version-history":[{"count":1,"href":"https:\/\/worldharmonicafestival.de\/de\/wp-json\/wp\/v2\/pages\/2164\/revisions"}],"predecessor-version":[{"id":2165,"href":"https:\/\/worldharmonicafestival.de\/de\/wp-json\/wp\/v2\/pages\/2164\/revisions\/2165"}],"wp:featuredmedia":[{"embeddable":true,"href":"https:\/\/worldharmonicafestival.de\/de\/wp-json\/wp\/v2\/media\/1630"}],"wp:attachment":[{"href":"https:\/\/worldharmonicafestival.de\/de\/wp-json\/wp\/v2\/media?parent=2164"}],"curies":[{"name":"wp","href":"https:\/\/api.w.org\/{rel}","templated":true}]}}