{"id":2101,"date":"2025-02-04T10:55:22","date_gmt":"2025-02-04T09:55:22","guid":{"rendered":"https:\/\/worldharmonicafestival.de\/kuenstlerprofil-konstantin-reinfeld\/"},"modified":"2025-02-19T11:36:24","modified_gmt":"2025-02-19T10:36:24","slug":"kuenstlerprofil-konstantin-reinfeld","status":"publish","type":"page","link":"https:\/\/worldharmonicafestival.de\/de\/kuenstlerprofil-konstantin-reinfeld\/","title":{"rendered":"K\u00fcnstlerprofil: Konstantin Reinfeld"},"content":{"rendered":"","protected":false},"excerpt":{"rendered":"","protected":false},"author":6,"featured_media":1688,"parent":0,"menu_order":0,"comment_status":"closed","ping_status":"closed","template":"","meta":{"_price":"","_stock":"","_tribe_ticket_header":"","_tribe_default_ticket_provider":"","_tribe_ticket_capacity":"0","_ticket_start_date":"","_ticket_end_date":"","_tribe_ticket_show_description":"","_tribe_ticket_show_not_going":false,"_tribe_ticket_use_global_stock":"","_tribe_ticket_global_stock_level":"","_global_stock_mode":"","_global_stock_cap":"","_tribe_rsvp_for_event":"","_tribe_ticket_going_count":"","_tribe_ticket_not_going_count":"","_tribe_tickets_list":"[]","_tribe_ticket_has_attendee_info_fields":false,"footnotes":"","_tec_slr_enabled":"","_tec_slr_layout":""},"class_list":["post-2101","page","type-page","status-publish","has-post-thumbnail","hentry"],"yoast_head":"<!-- This site is optimized with the Yoast SEO plugin v25.7 - https:\/\/yoast.com\/wordpress\/plugins\/seo\/ -->\n<title>WHF 2025 - K\u00fcnstlerprofil: Konstantin Reinfeld - worldharmonicafestival.de<\/title>\n<meta name=\"description\" content=\"Konstantin Reinfeld z\u00e4hlt zu den besten Mundharmonikaspielern weltweit. Seine tiefe Musikalit\u00e4t und virtuose Beherrschung des Instrumentes \u00fcberwindet souver\u00e4n Genregrenzen und erweitert die ernste Musik. Als ihm der Opus Klassik 2019 als Newcomer Instrumental zuerkannt wird, ist dies auch eine Anerkennung f\u00fcr sein au\u00dfergew\u00f6hnliches k\u00fcnstlerisches Wirken. Sein Repertoire reicht von Bach \u00fcber Bart\u00f4k bis Chick Corea und umfasst Klassik, Jazz, Film- und Weltmusik auf h\u00f6chstem Niveau.\" \/>\n<meta name=\"robots\" content=\"index, follow, max-snippet:-1, max-image-preview:large, max-video-preview:-1\" \/>\n<link rel=\"canonical\" href=\"https:\/\/worldharmonicafestival.de\/de\/kuenstlerprofil-konstantin-reinfeld\/\" \/>\n<meta property=\"og:locale\" content=\"de_DE\" \/>\n<meta property=\"og:type\" content=\"article\" \/>\n<meta property=\"og:title\" content=\"WHF 2025 - K\u00fcnstlerprofil: Konstantin Reinfeld - worldharmonicafestival.de\" \/>\n<meta property=\"og:description\" content=\"Konstantin Reinfeld z\u00e4hlt zu den besten Mundharmonikaspielern weltweit. Seine tiefe Musikalit\u00e4t und virtuose Beherrschung des Instrumentes \u00fcberwindet souver\u00e4n Genregrenzen und erweitert die ernste Musik. Als ihm der Opus Klassik 2019 als Newcomer Instrumental zuerkannt wird, ist dies auch eine Anerkennung f\u00fcr sein au\u00dfergew\u00f6hnliches k\u00fcnstlerisches Wirken. Sein Repertoire reicht von Bach \u00fcber Bart\u00f4k bis Chick Corea und umfasst Klassik, Jazz, Film- und Weltmusik auf h\u00f6chstem Niveau.\" \/>\n<meta property=\"og:url\" content=\"https:\/\/worldharmonicafestival.de\/de\/kuenstlerprofil-konstantin-reinfeld\/\" \/>\n<meta property=\"og:site_name\" content=\"worldharmonicafestival.de\" \/>\n<meta property=\"article:publisher\" content=\"https:\/\/www.facebook.com\/HohnerMusic\" \/>\n<meta property=\"article:modified_time\" content=\"2025-02-19T10:36:24+00:00\" \/>\n<meta property=\"og:image\" content=\"https:\/\/worldharmonicafestival.de\/wp-content\/uploads\/2025\/01\/reinfeld-375.jpg\" \/>\n\t<meta property=\"og:image:width\" content=\"375\" \/>\n\t<meta property=\"og:image:height\" content=\"265\" \/>\n\t<meta property=\"og:image:type\" content=\"image\/jpeg\" \/>\n<meta name=\"twitter:card\" content=\"summary_large_image\" \/>\n<meta name=\"twitter:site\" content=\"@playhohner\" \/>\n<script type=\"application\/ld+json\" class=\"yoast-schema-graph\">{\"@context\":\"https:\/\/schema.org\",\"@graph\":[{\"@type\":\"WebPage\",\"@id\":\"https:\/\/worldharmonicafestival.de\/de\/kuenstlerprofil-konstantin-reinfeld\/\",\"url\":\"https:\/\/worldharmonicafestival.de\/de\/kuenstlerprofil-konstantin-reinfeld\/\",\"name\":\"WHF 2025 - K\u00fcnstlerprofil: Konstantin Reinfeld - worldharmonicafestival.de\",\"isPartOf\":{\"@id\":\"http:\/\/worldharmonicafestival.de\/de\/#website\"},\"primaryImageOfPage\":{\"@id\":\"https:\/\/worldharmonicafestival.de\/de\/kuenstlerprofil-konstantin-reinfeld\/#primaryimage\"},\"image\":{\"@id\":\"https:\/\/worldharmonicafestival.de\/de\/kuenstlerprofil-konstantin-reinfeld\/#primaryimage\"},\"thumbnailUrl\":\"https:\/\/worldharmonicafestival.de\/wp-content\/uploads\/2025\/01\/reinfeld-375.jpg\",\"datePublished\":\"2025-02-04T09:55:22+00:00\",\"dateModified\":\"2025-02-19T10:36:24+00:00\",\"description\":\"Konstantin Reinfeld z\u00e4hlt zu den besten Mundharmonikaspielern weltweit. Seine tiefe Musikalit\u00e4t und virtuose Beherrschung des Instrumentes \u00fcberwindet souver\u00e4n Genregrenzen und erweitert die ernste Musik. Als ihm der Opus Klassik 2019 als Newcomer Instrumental zuerkannt wird, ist dies auch eine Anerkennung f\u00fcr sein au\u00dfergew\u00f6hnliches k\u00fcnstlerisches Wirken. Sein Repertoire reicht von Bach \u00fcber Bart\u00f4k bis Chick Corea und umfasst Klassik, Jazz, Film- und Weltmusik auf h\u00f6chstem Niveau.\",\"breadcrumb\":{\"@id\":\"https:\/\/worldharmonicafestival.de\/de\/kuenstlerprofil-konstantin-reinfeld\/#breadcrumb\"},\"inLanguage\":\"de\",\"potentialAction\":[{\"@type\":\"ReadAction\",\"target\":[\"https:\/\/worldharmonicafestival.de\/de\/kuenstlerprofil-konstantin-reinfeld\/\"]}]},{\"@type\":\"ImageObject\",\"inLanguage\":\"de\",\"@id\":\"https:\/\/worldharmonicafestival.de\/de\/kuenstlerprofil-konstantin-reinfeld\/#primaryimage\",\"url\":\"https:\/\/worldharmonicafestival.de\/wp-content\/uploads\/2025\/01\/reinfeld-375.jpg\",\"contentUrl\":\"https:\/\/worldharmonicafestival.de\/wp-content\/uploads\/2025\/01\/reinfeld-375.jpg\",\"width\":375,\"height\":265},{\"@type\":\"BreadcrumbList\",\"@id\":\"https:\/\/worldharmonicafestival.de\/de\/kuenstlerprofil-konstantin-reinfeld\/#breadcrumb\",\"itemListElement\":[{\"@type\":\"ListItem\",\"position\":1,\"name\":\"Home\",\"item\":\"https:\/\/worldharmonicafestival.de\/de\/\"},{\"@type\":\"ListItem\",\"position\":2,\"name\":\"K\u00fcnstlerprofil: Konstantin Reinfeld\"}]},{\"@type\":\"WebSite\",\"@id\":\"http:\/\/worldharmonicafestival.de\/de\/#website\",\"url\":\"http:\/\/worldharmonicafestival.de\/de\/\",\"name\":\"worldharmonicafestival.de\",\"description\":\"World Harmonica Festival 2025 Oct. 29th - Nov. 2nd  Trossingen \/ Germany\",\"publisher\":{\"@id\":\"http:\/\/worldharmonicafestival.de\/de\/#organization\"},\"potentialAction\":[{\"@type\":\"SearchAction\",\"target\":{\"@type\":\"EntryPoint\",\"urlTemplate\":\"http:\/\/worldharmonicafestival.de\/de\/?s={search_term_string}\"},\"query-input\":{\"@type\":\"PropertyValueSpecification\",\"valueRequired\":true,\"valueName\":\"search_term_string\"}}],\"inLanguage\":\"de\"},{\"@type\":\"Organization\",\"@id\":\"http:\/\/worldharmonicafestival.de\/de\/#organization\",\"name\":\"World Harmonica Festival 2025\",\"url\":\"http:\/\/worldharmonicafestival.de\/de\/\",\"logo\":{\"@type\":\"ImageObject\",\"inLanguage\":\"de\",\"@id\":\"http:\/\/worldharmonicafestival.de\/de\/#\/schema\/logo\/image\/\",\"url\":\"https:\/\/worldharmonicafestival.de\/wp-content\/uploads\/2025\/02\/home.jpg\",\"contentUrl\":\"https:\/\/worldharmonicafestival.de\/wp-content\/uploads\/2025\/02\/home.jpg\",\"width\":1920,\"height\":1080,\"caption\":\"World Harmonica Festival 2025\"},\"image\":{\"@id\":\"http:\/\/worldharmonicafestival.de\/de\/#\/schema\/logo\/image\/\"},\"sameAs\":[\"https:\/\/www.facebook.com\/HohnerMusic\",\"https:\/\/x.com\/playhohner\",\"https:\/\/www.instagram.com\/hohnerharmonica\/\"]}]}<\/script>\n<!-- \/ Yoast SEO plugin. -->","yoast_head_json":{"title":"WHF 2025 - K\u00fcnstlerprofil: Konstantin Reinfeld - worldharmonicafestival.de","description":"Konstantin Reinfeld z\u00e4hlt zu den besten Mundharmonikaspielern weltweit. Seine tiefe Musikalit\u00e4t und virtuose Beherrschung des Instrumentes \u00fcberwindet souver\u00e4n Genregrenzen und erweitert die ernste Musik. Als ihm der Opus Klassik 2019 als Newcomer Instrumental zuerkannt wird, ist dies auch eine Anerkennung f\u00fcr sein au\u00dfergew\u00f6hnliches k\u00fcnstlerisches Wirken. Sein Repertoire reicht von Bach \u00fcber Bart\u00f4k bis Chick Corea und umfasst Klassik, Jazz, Film- und Weltmusik auf h\u00f6chstem Niveau.","robots":{"index":"index","follow":"follow","max-snippet":"max-snippet:-1","max-image-preview":"max-image-preview:large","max-video-preview":"max-video-preview:-1"},"canonical":"https:\/\/worldharmonicafestival.de\/de\/kuenstlerprofil-konstantin-reinfeld\/","og_locale":"de_DE","og_type":"article","og_title":"WHF 2025 - K\u00fcnstlerprofil: Konstantin Reinfeld - worldharmonicafestival.de","og_description":"Konstantin Reinfeld z\u00e4hlt zu den besten Mundharmonikaspielern weltweit. Seine tiefe Musikalit\u00e4t und virtuose Beherrschung des Instrumentes \u00fcberwindet souver\u00e4n Genregrenzen und erweitert die ernste Musik. Als ihm der Opus Klassik 2019 als Newcomer Instrumental zuerkannt wird, ist dies auch eine Anerkennung f\u00fcr sein au\u00dfergew\u00f6hnliches k\u00fcnstlerisches Wirken. Sein Repertoire reicht von Bach \u00fcber Bart\u00f4k bis Chick Corea und umfasst Klassik, Jazz, Film- und Weltmusik auf h\u00f6chstem Niveau.","og_url":"https:\/\/worldharmonicafestival.de\/de\/kuenstlerprofil-konstantin-reinfeld\/","og_site_name":"worldharmonicafestival.de","article_publisher":"https:\/\/www.facebook.com\/HohnerMusic","article_modified_time":"2025-02-19T10:36:24+00:00","og_image":[{"width":375,"height":265,"url":"https:\/\/worldharmonicafestival.de\/wp-content\/uploads\/2025\/01\/reinfeld-375.jpg","type":"image\/jpeg"}],"twitter_card":"summary_large_image","twitter_site":"@playhohner","schema":{"@context":"https:\/\/schema.org","@graph":[{"@type":"WebPage","@id":"https:\/\/worldharmonicafestival.de\/de\/kuenstlerprofil-konstantin-reinfeld\/","url":"https:\/\/worldharmonicafestival.de\/de\/kuenstlerprofil-konstantin-reinfeld\/","name":"WHF 2025 - K\u00fcnstlerprofil: Konstantin Reinfeld - worldharmonicafestival.de","isPartOf":{"@id":"http:\/\/worldharmonicafestival.de\/de\/#website"},"primaryImageOfPage":{"@id":"https:\/\/worldharmonicafestival.de\/de\/kuenstlerprofil-konstantin-reinfeld\/#primaryimage"},"image":{"@id":"https:\/\/worldharmonicafestival.de\/de\/kuenstlerprofil-konstantin-reinfeld\/#primaryimage"},"thumbnailUrl":"https:\/\/worldharmonicafestival.de\/wp-content\/uploads\/2025\/01\/reinfeld-375.jpg","datePublished":"2025-02-04T09:55:22+00:00","dateModified":"2025-02-19T10:36:24+00:00","description":"Konstantin Reinfeld z\u00e4hlt zu den besten Mundharmonikaspielern weltweit. Seine tiefe Musikalit\u00e4t und virtuose Beherrschung des Instrumentes \u00fcberwindet souver\u00e4n Genregrenzen und erweitert die ernste Musik. Als ihm der Opus Klassik 2019 als Newcomer Instrumental zuerkannt wird, ist dies auch eine Anerkennung f\u00fcr sein au\u00dfergew\u00f6hnliches k\u00fcnstlerisches Wirken. Sein Repertoire reicht von Bach \u00fcber Bart\u00f4k bis Chick Corea und umfasst Klassik, Jazz, Film- und Weltmusik auf h\u00f6chstem Niveau.","breadcrumb":{"@id":"https:\/\/worldharmonicafestival.de\/de\/kuenstlerprofil-konstantin-reinfeld\/#breadcrumb"},"inLanguage":"de","potentialAction":[{"@type":"ReadAction","target":["https:\/\/worldharmonicafestival.de\/de\/kuenstlerprofil-konstantin-reinfeld\/"]}]},{"@type":"ImageObject","inLanguage":"de","@id":"https:\/\/worldharmonicafestival.de\/de\/kuenstlerprofil-konstantin-reinfeld\/#primaryimage","url":"https:\/\/worldharmonicafestival.de\/wp-content\/uploads\/2025\/01\/reinfeld-375.jpg","contentUrl":"https:\/\/worldharmonicafestival.de\/wp-content\/uploads\/2025\/01\/reinfeld-375.jpg","width":375,"height":265},{"@type":"BreadcrumbList","@id":"https:\/\/worldharmonicafestival.de\/de\/kuenstlerprofil-konstantin-reinfeld\/#breadcrumb","itemListElement":[{"@type":"ListItem","position":1,"name":"Home","item":"https:\/\/worldharmonicafestival.de\/de\/"},{"@type":"ListItem","position":2,"name":"K\u00fcnstlerprofil: Konstantin Reinfeld"}]},{"@type":"WebSite","@id":"http:\/\/worldharmonicafestival.de\/de\/#website","url":"http:\/\/worldharmonicafestival.de\/de\/","name":"worldharmonicafestival.de","description":"World Harmonica Festival 2025 Oct. 29th - Nov. 2nd  Trossingen \/ Germany","publisher":{"@id":"http:\/\/worldharmonicafestival.de\/de\/#organization"},"potentialAction":[{"@type":"SearchAction","target":{"@type":"EntryPoint","urlTemplate":"http:\/\/worldharmonicafestival.de\/de\/?s={search_term_string}"},"query-input":{"@type":"PropertyValueSpecification","valueRequired":true,"valueName":"search_term_string"}}],"inLanguage":"de"},{"@type":"Organization","@id":"http:\/\/worldharmonicafestival.de\/de\/#organization","name":"World Harmonica Festival 2025","url":"http:\/\/worldharmonicafestival.de\/de\/","logo":{"@type":"ImageObject","inLanguage":"de","@id":"http:\/\/worldharmonicafestival.de\/de\/#\/schema\/logo\/image\/","url":"https:\/\/worldharmonicafestival.de\/wp-content\/uploads\/2025\/02\/home.jpg","contentUrl":"https:\/\/worldharmonicafestival.de\/wp-content\/uploads\/2025\/02\/home.jpg","width":1920,"height":1080,"caption":"World Harmonica Festival 2025"},"image":{"@id":"http:\/\/worldharmonicafestival.de\/de\/#\/schema\/logo\/image\/"},"sameAs":["https:\/\/www.facebook.com\/HohnerMusic","https:\/\/x.com\/playhohner","https:\/\/www.instagram.com\/hohnerharmonica\/"]}]}},"ticketed":false,"_links":{"self":[{"href":"https:\/\/worldharmonicafestival.de\/de\/wp-json\/wp\/v2\/pages\/2101","targetHints":{"allow":["GET"]}}],"collection":[{"href":"https:\/\/worldharmonicafestival.de\/de\/wp-json\/wp\/v2\/pages"}],"about":[{"href":"https:\/\/worldharmonicafestival.de\/de\/wp-json\/wp\/v2\/types\/page"}],"author":[{"embeddable":true,"href":"https:\/\/worldharmonicafestival.de\/de\/wp-json\/wp\/v2\/users\/6"}],"replies":[{"embeddable":true,"href":"https:\/\/worldharmonicafestival.de\/de\/wp-json\/wp\/v2\/comments?post=2101"}],"version-history":[{"count":1,"href":"https:\/\/worldharmonicafestival.de\/de\/wp-json\/wp\/v2\/pages\/2101\/revisions"}],"predecessor-version":[{"id":2103,"href":"https:\/\/worldharmonicafestival.de\/de\/wp-json\/wp\/v2\/pages\/2101\/revisions\/2103"}],"wp:featuredmedia":[{"embeddable":true,"href":"https:\/\/worldharmonicafestival.de\/de\/wp-json\/wp\/v2\/media\/1688"}],"wp:attachment":[{"href":"https:\/\/worldharmonicafestival.de\/de\/wp-json\/wp\/v2\/media?parent=2101"}],"curies":[{"name":"wp","href":"https:\/\/api.w.org\/{rel}","templated":true}]}}