{"id":2055,"date":"2025-01-16T10:32:34","date_gmt":"2025-01-16T09:32:34","guid":{"rendered":"https:\/\/worldharmonicafestival.de\/kuenstlerprofil-yoonseok-lee\/"},"modified":"2025-02-09T03:15:12","modified_gmt":"2025-02-09T02:15:12","slug":"kuenstlerprofil-yoonseok-lee","status":"publish","type":"page","link":"https:\/\/worldharmonicafestival.de\/de\/kuenstlerprofil-yoonseok-lee\/","title":{"rendered":"K\u00fcnstlerprofil: Yoonseok Lee"},"content":{"rendered":"","protected":false},"excerpt":{"rendered":"","protected":false},"author":1,"featured_media":1636,"parent":0,"menu_order":0,"comment_status":"closed","ping_status":"closed","template":"","meta":{"_price":"","_stock":"","_tribe_ticket_header":"","_tribe_default_ticket_provider":"","_tribe_ticket_capacity":"0","_ticket_start_date":"","_ticket_end_date":"","_tribe_ticket_show_description":"","_tribe_ticket_show_not_going":false,"_tribe_ticket_use_global_stock":"","_tribe_ticket_global_stock_level":"","_global_stock_mode":"","_global_stock_cap":"","_tribe_rsvp_for_event":"","_tribe_ticket_going_count":"","_tribe_ticket_not_going_count":"","_tribe_tickets_list":"[]","_tribe_ticket_has_attendee_info_fields":false,"footnotes":"","_tec_slr_enabled":"","_tec_slr_layout":""},"class_list":["post-2055","page","type-page","status-publish","has-post-thumbnail","hentry"],"yoast_head":"<!-- This site is optimized with the Yoast SEO plugin v25.7 - https:\/\/yoast.com\/wordpress\/plugins\/seo\/ -->\n<title>WHF 2025 - K\u00fcnstlerprofil: Yoonseok Lee - worldharmonicafestival.de<\/title>\n<meta name=\"description\" content=\"Mit seinem au\u00dfergew\u00f6hnlichen Talent und seiner nat\u00fcrlichen Musikalit\u00e4t hat sich Yoonseok Lee schnell als einer der profiliertesten Mundharmonikaspieler seiner Generation etabliert. Sowohl als Konzertsolist als auch als aktiver Rezitator hat er weltweit Aufmerksamkeit erregt, insbesondere in der klassischen Musikszene, in der professionelle Mundharmonikaspieler selten sind. Seine Auftritte wurden von gro\u00dfen Medien wie dem koreanischen Rundfunk (KBS) aufgegriffen.\" \/>\n<meta name=\"robots\" content=\"index, follow, max-snippet:-1, max-image-preview:large, max-video-preview:-1\" \/>\n<link rel=\"canonical\" href=\"https:\/\/worldharmonicafestival.de\/de\/kuenstlerprofil-yoonseok-lee\/\" \/>\n<meta property=\"og:locale\" content=\"de_DE\" \/>\n<meta property=\"og:type\" content=\"article\" \/>\n<meta property=\"og:title\" content=\"WHF 2025 - K\u00fcnstlerprofil: Yoonseok Lee - worldharmonicafestival.de\" \/>\n<meta property=\"og:description\" content=\"Mit seinem au\u00dfergew\u00f6hnlichen Talent und seiner nat\u00fcrlichen Musikalit\u00e4t hat sich Yoonseok Lee schnell als einer der profiliertesten Mundharmonikaspieler seiner Generation etabliert. Sowohl als Konzertsolist als auch als aktiver Rezitator hat er weltweit Aufmerksamkeit erregt, insbesondere in der klassischen Musikszene, in der professionelle Mundharmonikaspieler selten sind. Seine Auftritte wurden von gro\u00dfen Medien wie dem koreanischen Rundfunk (KBS) aufgegriffen.\" \/>\n<meta property=\"og:url\" content=\"https:\/\/worldharmonicafestival.de\/de\/kuenstlerprofil-yoonseok-lee\/\" \/>\n<meta property=\"og:site_name\" content=\"worldharmonicafestival.de\" \/>\n<meta property=\"article:publisher\" content=\"https:\/\/www.facebook.com\/HohnerMusic\" \/>\n<meta property=\"article:modified_time\" content=\"2025-02-09T02:15:12+00:00\" \/>\n<meta property=\"og:image\" content=\"http:\/\/worldharmonicafestival.de\/wp-content\/uploads\/2025\/01\/Yoonseok_Lee_375.jpg\" \/>\n\t<meta property=\"og:image:width\" content=\"375\" \/>\n\t<meta property=\"og:image:height\" content=\"265\" \/>\n\t<meta property=\"og:image:type\" content=\"image\/jpeg\" \/>\n<meta name=\"twitter:card\" content=\"summary_large_image\" \/>\n<meta name=\"twitter:site\" content=\"@playhohner\" \/>\n<script type=\"application\/ld+json\" class=\"yoast-schema-graph\">{\"@context\":\"https:\/\/schema.org\",\"@graph\":[{\"@type\":\"WebPage\",\"@id\":\"https:\/\/worldharmonicafestival.de\/de\/kuenstlerprofil-yoonseok-lee\/\",\"url\":\"https:\/\/worldharmonicafestival.de\/de\/kuenstlerprofil-yoonseok-lee\/\",\"name\":\"WHF 2025 - K\u00fcnstlerprofil: Yoonseok Lee - worldharmonicafestival.de\",\"isPartOf\":{\"@id\":\"https:\/\/worldharmonicafestival.de\/de\/#website\"},\"primaryImageOfPage\":{\"@id\":\"https:\/\/worldharmonicafestival.de\/de\/kuenstlerprofil-yoonseok-lee\/#primaryimage\"},\"image\":{\"@id\":\"https:\/\/worldharmonicafestival.de\/de\/kuenstlerprofil-yoonseok-lee\/#primaryimage\"},\"thumbnailUrl\":\"https:\/\/worldharmonicafestival.de\/wp-content\/uploads\/2025\/01\/Yoonseok_Lee_375.jpg\",\"datePublished\":\"2025-01-16T09:32:34+00:00\",\"dateModified\":\"2025-02-09T02:15:12+00:00\",\"description\":\"Mit seinem au\u00dfergew\u00f6hnlichen Talent und seiner nat\u00fcrlichen Musikalit\u00e4t hat sich Yoonseok Lee schnell als einer der profiliertesten Mundharmonikaspieler seiner Generation etabliert. Sowohl als Konzertsolist als auch als aktiver Rezitator hat er weltweit Aufmerksamkeit erregt, insbesondere in der klassischen Musikszene, in der professionelle Mundharmonikaspieler selten sind. Seine Auftritte wurden von gro\u00dfen Medien wie dem koreanischen Rundfunk (KBS) aufgegriffen.\",\"breadcrumb\":{\"@id\":\"https:\/\/worldharmonicafestival.de\/de\/kuenstlerprofil-yoonseok-lee\/#breadcrumb\"},\"inLanguage\":\"de\",\"potentialAction\":[{\"@type\":\"ReadAction\",\"target\":[\"https:\/\/worldharmonicafestival.de\/de\/kuenstlerprofil-yoonseok-lee\/\"]}]},{\"@type\":\"ImageObject\",\"inLanguage\":\"de\",\"@id\":\"https:\/\/worldharmonicafestival.de\/de\/kuenstlerprofil-yoonseok-lee\/#primaryimage\",\"url\":\"https:\/\/worldharmonicafestival.de\/wp-content\/uploads\/2025\/01\/Yoonseok_Lee_375.jpg\",\"contentUrl\":\"https:\/\/worldharmonicafestival.de\/wp-content\/uploads\/2025\/01\/Yoonseok_Lee_375.jpg\",\"width\":375,\"height\":265},{\"@type\":\"BreadcrumbList\",\"@id\":\"https:\/\/worldharmonicafestival.de\/de\/kuenstlerprofil-yoonseok-lee\/#breadcrumb\",\"itemListElement\":[{\"@type\":\"ListItem\",\"position\":1,\"name\":\"Home\",\"item\":\"https:\/\/worldharmonicafestival.de\/de\/\"},{\"@type\":\"ListItem\",\"position\":2,\"name\":\"K\u00fcnstlerprofil: Yoonseok Lee\"}]},{\"@type\":\"WebSite\",\"@id\":\"https:\/\/worldharmonicafestival.de\/de\/#website\",\"url\":\"https:\/\/worldharmonicafestival.de\/de\/\",\"name\":\"worldharmonicafestival.de\",\"description\":\"World Harmonica Festival 2025 Oct. 29th - Nov. 2nd  Trossingen \/ Germany\",\"publisher\":{\"@id\":\"https:\/\/worldharmonicafestival.de\/de\/#organization\"},\"potentialAction\":[{\"@type\":\"SearchAction\",\"target\":{\"@type\":\"EntryPoint\",\"urlTemplate\":\"https:\/\/worldharmonicafestival.de\/de\/?s={search_term_string}\"},\"query-input\":{\"@type\":\"PropertyValueSpecification\",\"valueRequired\":true,\"valueName\":\"search_term_string\"}}],\"inLanguage\":\"de\"},{\"@type\":\"Organization\",\"@id\":\"https:\/\/worldharmonicafestival.de\/de\/#organization\",\"name\":\"World Harmonica Festival 2025\",\"url\":\"https:\/\/worldharmonicafestival.de\/de\/\",\"logo\":{\"@type\":\"ImageObject\",\"inLanguage\":\"de\",\"@id\":\"https:\/\/worldharmonicafestival.de\/de\/#\/schema\/logo\/image\/\",\"url\":\"https:\/\/worldharmonicafestival.de\/wp-content\/uploads\/2025\/02\/home.jpg\",\"contentUrl\":\"https:\/\/worldharmonicafestival.de\/wp-content\/uploads\/2025\/02\/home.jpg\",\"width\":1920,\"height\":1080,\"caption\":\"World Harmonica Festival 2025\"},\"image\":{\"@id\":\"https:\/\/worldharmonicafestival.de\/de\/#\/schema\/logo\/image\/\"},\"sameAs\":[\"https:\/\/www.facebook.com\/HohnerMusic\",\"https:\/\/x.com\/playhohner\",\"https:\/\/www.instagram.com\/hohnerharmonica\/\"]}]}<\/script>\n<!-- \/ Yoast SEO plugin. -->","yoast_head_json":{"title":"WHF 2025 - K\u00fcnstlerprofil: Yoonseok Lee - worldharmonicafestival.de","description":"Mit seinem au\u00dfergew\u00f6hnlichen Talent und seiner nat\u00fcrlichen Musikalit\u00e4t hat sich Yoonseok Lee schnell als einer der profiliertesten Mundharmonikaspieler seiner Generation etabliert. Sowohl als Konzertsolist als auch als aktiver Rezitator hat er weltweit Aufmerksamkeit erregt, insbesondere in der klassischen Musikszene, in der professionelle Mundharmonikaspieler selten sind. Seine Auftritte wurden von gro\u00dfen Medien wie dem koreanischen Rundfunk (KBS) aufgegriffen.","robots":{"index":"index","follow":"follow","max-snippet":"max-snippet:-1","max-image-preview":"max-image-preview:large","max-video-preview":"max-video-preview:-1"},"canonical":"https:\/\/worldharmonicafestival.de\/de\/kuenstlerprofil-yoonseok-lee\/","og_locale":"de_DE","og_type":"article","og_title":"WHF 2025 - K\u00fcnstlerprofil: Yoonseok Lee - worldharmonicafestival.de","og_description":"Mit seinem au\u00dfergew\u00f6hnlichen Talent und seiner nat\u00fcrlichen Musikalit\u00e4t hat sich Yoonseok Lee schnell als einer der profiliertesten Mundharmonikaspieler seiner Generation etabliert. Sowohl als Konzertsolist als auch als aktiver Rezitator hat er weltweit Aufmerksamkeit erregt, insbesondere in der klassischen Musikszene, in der professionelle Mundharmonikaspieler selten sind. Seine Auftritte wurden von gro\u00dfen Medien wie dem koreanischen Rundfunk (KBS) aufgegriffen.","og_url":"https:\/\/worldharmonicafestival.de\/de\/kuenstlerprofil-yoonseok-lee\/","og_site_name":"worldharmonicafestival.de","article_publisher":"https:\/\/www.facebook.com\/HohnerMusic","article_modified_time":"2025-02-09T02:15:12+00:00","og_image":[{"width":375,"height":265,"url":"http:\/\/worldharmonicafestival.de\/wp-content\/uploads\/2025\/01\/Yoonseok_Lee_375.jpg","type":"image\/jpeg"}],"twitter_card":"summary_large_image","twitter_site":"@playhohner","schema":{"@context":"https:\/\/schema.org","@graph":[{"@type":"WebPage","@id":"https:\/\/worldharmonicafestival.de\/de\/kuenstlerprofil-yoonseok-lee\/","url":"https:\/\/worldharmonicafestival.de\/de\/kuenstlerprofil-yoonseok-lee\/","name":"WHF 2025 - K\u00fcnstlerprofil: Yoonseok Lee - worldharmonicafestival.de","isPartOf":{"@id":"https:\/\/worldharmonicafestival.de\/de\/#website"},"primaryImageOfPage":{"@id":"https:\/\/worldharmonicafestival.de\/de\/kuenstlerprofil-yoonseok-lee\/#primaryimage"},"image":{"@id":"https:\/\/worldharmonicafestival.de\/de\/kuenstlerprofil-yoonseok-lee\/#primaryimage"},"thumbnailUrl":"https:\/\/worldharmonicafestival.de\/wp-content\/uploads\/2025\/01\/Yoonseok_Lee_375.jpg","datePublished":"2025-01-16T09:32:34+00:00","dateModified":"2025-02-09T02:15:12+00:00","description":"Mit seinem au\u00dfergew\u00f6hnlichen Talent und seiner nat\u00fcrlichen Musikalit\u00e4t hat sich Yoonseok Lee schnell als einer der profiliertesten Mundharmonikaspieler seiner Generation etabliert. Sowohl als Konzertsolist als auch als aktiver Rezitator hat er weltweit Aufmerksamkeit erregt, insbesondere in der klassischen Musikszene, in der professionelle Mundharmonikaspieler selten sind. Seine Auftritte wurden von gro\u00dfen Medien wie dem koreanischen Rundfunk (KBS) aufgegriffen.","breadcrumb":{"@id":"https:\/\/worldharmonicafestival.de\/de\/kuenstlerprofil-yoonseok-lee\/#breadcrumb"},"inLanguage":"de","potentialAction":[{"@type":"ReadAction","target":["https:\/\/worldharmonicafestival.de\/de\/kuenstlerprofil-yoonseok-lee\/"]}]},{"@type":"ImageObject","inLanguage":"de","@id":"https:\/\/worldharmonicafestival.de\/de\/kuenstlerprofil-yoonseok-lee\/#primaryimage","url":"https:\/\/worldharmonicafestival.de\/wp-content\/uploads\/2025\/01\/Yoonseok_Lee_375.jpg","contentUrl":"https:\/\/worldharmonicafestival.de\/wp-content\/uploads\/2025\/01\/Yoonseok_Lee_375.jpg","width":375,"height":265},{"@type":"BreadcrumbList","@id":"https:\/\/worldharmonicafestival.de\/de\/kuenstlerprofil-yoonseok-lee\/#breadcrumb","itemListElement":[{"@type":"ListItem","position":1,"name":"Home","item":"https:\/\/worldharmonicafestival.de\/de\/"},{"@type":"ListItem","position":2,"name":"K\u00fcnstlerprofil: Yoonseok Lee"}]},{"@type":"WebSite","@id":"https:\/\/worldharmonicafestival.de\/de\/#website","url":"https:\/\/worldharmonicafestival.de\/de\/","name":"worldharmonicafestival.de","description":"World Harmonica Festival 2025 Oct. 29th - Nov. 2nd  Trossingen \/ Germany","publisher":{"@id":"https:\/\/worldharmonicafestival.de\/de\/#organization"},"potentialAction":[{"@type":"SearchAction","target":{"@type":"EntryPoint","urlTemplate":"https:\/\/worldharmonicafestival.de\/de\/?s={search_term_string}"},"query-input":{"@type":"PropertyValueSpecification","valueRequired":true,"valueName":"search_term_string"}}],"inLanguage":"de"},{"@type":"Organization","@id":"https:\/\/worldharmonicafestival.de\/de\/#organization","name":"World Harmonica Festival 2025","url":"https:\/\/worldharmonicafestival.de\/de\/","logo":{"@type":"ImageObject","inLanguage":"de","@id":"https:\/\/worldharmonicafestival.de\/de\/#\/schema\/logo\/image\/","url":"https:\/\/worldharmonicafestival.de\/wp-content\/uploads\/2025\/02\/home.jpg","contentUrl":"https:\/\/worldharmonicafestival.de\/wp-content\/uploads\/2025\/02\/home.jpg","width":1920,"height":1080,"caption":"World Harmonica Festival 2025"},"image":{"@id":"https:\/\/worldharmonicafestival.de\/de\/#\/schema\/logo\/image\/"},"sameAs":["https:\/\/www.facebook.com\/HohnerMusic","https:\/\/x.com\/playhohner","https:\/\/www.instagram.com\/hohnerharmonica\/"]}]}},"ticketed":false,"_links":{"self":[{"href":"https:\/\/worldharmonicafestival.de\/de\/wp-json\/wp\/v2\/pages\/2055","targetHints":{"allow":["GET"]}}],"collection":[{"href":"https:\/\/worldharmonicafestival.de\/de\/wp-json\/wp\/v2\/pages"}],"about":[{"href":"https:\/\/worldharmonicafestival.de\/de\/wp-json\/wp\/v2\/types\/page"}],"author":[{"embeddable":true,"href":"https:\/\/worldharmonicafestival.de\/de\/wp-json\/wp\/v2\/users\/1"}],"replies":[{"embeddable":true,"href":"https:\/\/worldharmonicafestival.de\/de\/wp-json\/wp\/v2\/comments?post=2055"}],"version-history":[{"count":1,"href":"https:\/\/worldharmonicafestival.de\/de\/wp-json\/wp\/v2\/pages\/2055\/revisions"}],"predecessor-version":[{"id":2058,"href":"https:\/\/worldharmonicafestival.de\/de\/wp-json\/wp\/v2\/pages\/2055\/revisions\/2058"}],"wp:featuredmedia":[{"embeddable":true,"href":"https:\/\/worldharmonicafestival.de\/de\/wp-json\/wp\/v2\/media\/1636"}],"wp:attachment":[{"href":"https:\/\/worldharmonicafestival.de\/de\/wp-json\/wp\/v2\/media?parent=2055"}],"curies":[{"name":"wp","href":"https:\/\/api.w.org\/{rel}","templated":true}]}}