{"id":2158,"date":"2025-01-16T10:51:43","date_gmt":"2025-01-16T09:51:43","guid":{"rendered":"https:\/\/worldharmonicafestival.de\/kuenstlerprofil-ptaszek-und-buzma\/"},"modified":"2025-02-09T03:13:30","modified_gmt":"2025-02-09T02:13:30","slug":"kuenstlerprofil-ptaszek-und-buzma","status":"publish","type":"page","link":"http:\/\/worldharmonicafestival.de\/de\/kuenstlerprofil-ptaszek-und-buzma\/","title":{"rendered":"K\u00fcnstlerprofil: Ptaszek und Buzma"},"content":{"rendered":"","protected":false},"excerpt":{"rendered":"","protected":false},"author":1,"featured_media":1626,"parent":0,"menu_order":0,"comment_status":"closed","ping_status":"closed","template":"","meta":{"_price":"","_stock":"","_tribe_ticket_header":"","_tribe_default_ticket_provider":"","_tribe_ticket_capacity":"0","_ticket_start_date":"","_ticket_end_date":"","_tribe_ticket_show_description":"","_tribe_ticket_show_not_going":false,"_tribe_ticket_use_global_stock":"","_tribe_ticket_global_stock_level":"","_global_stock_mode":"","_global_stock_cap":"","_tribe_rsvp_for_event":"","_tribe_ticket_going_count":"","_tribe_ticket_not_going_count":"","_tribe_tickets_list":"[]","_tribe_ticket_has_attendee_info_fields":false,"footnotes":"","_tec_slr_enabled":"","_tec_slr_layout":""},"class_list":["post-2158","page","type-page","status-publish","has-post-thumbnail","hentry"],"yoast_head":"<!-- This site is optimized with the Yoast SEO plugin v25.7 - https:\/\/yoast.com\/wordpress\/plugins\/seo\/ -->\n<title>WHF 2025 - K\u00fcnstlerprofil: Ptaszek und Buzma - worldharmonicafestival.de<\/title>\n<meta name=\"description\" content=\"Matej Ptaszek war urspr\u00fcnglich ein professioneller Kunstfotograf. Seit 2004 ist er jedoch ein professioneller Blueser. Matej h\u00f6rt Blues seit seiner Kindheit. Derzeit ist er einer der besten Mundharmonikaspieler Europas im Bereich des traditionellen Blues. Als erster tschechischer Mundharmonikaspieler trat er beim World Harmonica Festival 2009 in Trossingen, Deutschland, auf...\" \/>\n<meta name=\"robots\" content=\"index, follow, max-snippet:-1, max-image-preview:large, max-video-preview:-1\" \/>\n<link rel=\"canonical\" href=\"http:\/\/worldharmonicafestival.de\/de\/kuenstlerprofil-ptaszek-und-buzma\/\" \/>\n<meta property=\"og:locale\" content=\"de_DE\" \/>\n<meta property=\"og:type\" content=\"article\" \/>\n<meta property=\"og:title\" content=\"WHF 2025 - K\u00fcnstlerprofil: Ptaszek und Buzma - worldharmonicafestival.de\" \/>\n<meta property=\"og:description\" content=\"Matej Ptaszek war urspr\u00fcnglich ein professioneller Kunstfotograf. Seit 2004 ist er jedoch ein professioneller Blueser. Matej h\u00f6rt Blues seit seiner Kindheit. Derzeit ist er einer der besten Mundharmonikaspieler Europas im Bereich des traditionellen Blues. Als erster tschechischer Mundharmonikaspieler trat er beim World Harmonica Festival 2009 in Trossingen, Deutschland, auf...\" \/>\n<meta property=\"og:url\" content=\"http:\/\/worldharmonicafestival.de\/de\/kuenstlerprofil-ptaszek-und-buzma\/\" \/>\n<meta property=\"og:site_name\" content=\"worldharmonicafestival.de\" \/>\n<meta property=\"article:publisher\" content=\"https:\/\/www.facebook.com\/HohnerMusic\" \/>\n<meta property=\"article:modified_time\" content=\"2025-02-09T02:13:30+00:00\" \/>\n<meta property=\"og:image\" content=\"http:\/\/worldharmonicafestival.de\/wp-content\/uploads\/2025\/01\/Ptaszek_Buzma_375.jpg\" \/>\n\t<meta property=\"og:image:width\" content=\"375\" \/>\n\t<meta property=\"og:image:height\" content=\"265\" \/>\n\t<meta property=\"og:image:type\" content=\"image\/jpeg\" \/>\n<meta name=\"twitter:card\" content=\"summary_large_image\" \/>\n<meta name=\"twitter:site\" content=\"@playhohner\" \/>\n<script type=\"application\/ld+json\" class=\"yoast-schema-graph\">{\"@context\":\"https:\/\/schema.org\",\"@graph\":[{\"@type\":\"WebPage\",\"@id\":\"http:\/\/worldharmonicafestival.de\/de\/kuenstlerprofil-ptaszek-und-buzma\/\",\"url\":\"http:\/\/worldharmonicafestival.de\/de\/kuenstlerprofil-ptaszek-und-buzma\/\",\"name\":\"WHF 2025 - K\u00fcnstlerprofil: Ptaszek und Buzma - worldharmonicafestival.de\",\"isPartOf\":{\"@id\":\"http:\/\/worldharmonicafestival.de\/de\/#website\"},\"primaryImageOfPage\":{\"@id\":\"http:\/\/worldharmonicafestival.de\/de\/kuenstlerprofil-ptaszek-und-buzma\/#primaryimage\"},\"image\":{\"@id\":\"http:\/\/worldharmonicafestival.de\/de\/kuenstlerprofil-ptaszek-und-buzma\/#primaryimage\"},\"thumbnailUrl\":\"http:\/\/worldharmonicafestival.de\/wp-content\/uploads\/2025\/01\/Ptaszek_Buzma_375.jpg\",\"datePublished\":\"2025-01-16T09:51:43+00:00\",\"dateModified\":\"2025-02-09T02:13:30+00:00\",\"description\":\"Matej Ptaszek war urspr\u00fcnglich ein professioneller Kunstfotograf. Seit 2004 ist er jedoch ein professioneller Blueser. Matej h\u00f6rt Blues seit seiner Kindheit. Derzeit ist er einer der besten Mundharmonikaspieler Europas im Bereich des traditionellen Blues. Als erster tschechischer Mundharmonikaspieler trat er beim World Harmonica Festival 2009 in Trossingen, Deutschland, auf...\",\"breadcrumb\":{\"@id\":\"http:\/\/worldharmonicafestival.de\/de\/kuenstlerprofil-ptaszek-und-buzma\/#breadcrumb\"},\"inLanguage\":\"de\",\"potentialAction\":[{\"@type\":\"ReadAction\",\"target\":[\"http:\/\/worldharmonicafestival.de\/de\/kuenstlerprofil-ptaszek-und-buzma\/\"]}]},{\"@type\":\"ImageObject\",\"inLanguage\":\"de\",\"@id\":\"http:\/\/worldharmonicafestival.de\/de\/kuenstlerprofil-ptaszek-und-buzma\/#primaryimage\",\"url\":\"http:\/\/worldharmonicafestival.de\/wp-content\/uploads\/2025\/01\/Ptaszek_Buzma_375.jpg\",\"contentUrl\":\"http:\/\/worldharmonicafestival.de\/wp-content\/uploads\/2025\/01\/Ptaszek_Buzma_375.jpg\",\"width\":375,\"height\":265},{\"@type\":\"BreadcrumbList\",\"@id\":\"http:\/\/worldharmonicafestival.de\/de\/kuenstlerprofil-ptaszek-und-buzma\/#breadcrumb\",\"itemListElement\":[{\"@type\":\"ListItem\",\"position\":1,\"name\":\"Home\",\"item\":\"http:\/\/worldharmonicafestival.de\/de\/\"},{\"@type\":\"ListItem\",\"position\":2,\"name\":\"K\u00fcnstlerprofil: Ptaszek und Buzma\"}]},{\"@type\":\"WebSite\",\"@id\":\"http:\/\/worldharmonicafestival.de\/de\/#website\",\"url\":\"http:\/\/worldharmonicafestival.de\/de\/\",\"name\":\"worldharmonicafestival.de\",\"description\":\"World Harmonica Festival 2025 Oct. 29th - Nov. 2nd  Trossingen \/ Germany\",\"publisher\":{\"@id\":\"http:\/\/worldharmonicafestival.de\/de\/#organization\"},\"potentialAction\":[{\"@type\":\"SearchAction\",\"target\":{\"@type\":\"EntryPoint\",\"urlTemplate\":\"http:\/\/worldharmonicafestival.de\/de\/?s={search_term_string}\"},\"query-input\":{\"@type\":\"PropertyValueSpecification\",\"valueRequired\":true,\"valueName\":\"search_term_string\"}}],\"inLanguage\":\"de\"},{\"@type\":\"Organization\",\"@id\":\"http:\/\/worldharmonicafestival.de\/de\/#organization\",\"name\":\"World Harmonica Festival 2025\",\"url\":\"http:\/\/worldharmonicafestival.de\/de\/\",\"logo\":{\"@type\":\"ImageObject\",\"inLanguage\":\"de\",\"@id\":\"http:\/\/worldharmonicafestival.de\/de\/#\/schema\/logo\/image\/\",\"url\":\"https:\/\/worldharmonicafestival.de\/wp-content\/uploads\/2025\/02\/home.jpg\",\"contentUrl\":\"https:\/\/worldharmonicafestival.de\/wp-content\/uploads\/2025\/02\/home.jpg\",\"width\":1920,\"height\":1080,\"caption\":\"World Harmonica Festival 2025\"},\"image\":{\"@id\":\"http:\/\/worldharmonicafestival.de\/de\/#\/schema\/logo\/image\/\"},\"sameAs\":[\"https:\/\/www.facebook.com\/HohnerMusic\",\"https:\/\/x.com\/playhohner\",\"https:\/\/www.instagram.com\/hohnerharmonica\/\"]}]}<\/script>\n<!-- \/ Yoast SEO plugin. -->","yoast_head_json":{"title":"WHF 2025 - K\u00fcnstlerprofil: Ptaszek und Buzma - worldharmonicafestival.de","description":"Matej Ptaszek war urspr\u00fcnglich ein professioneller Kunstfotograf. Seit 2004 ist er jedoch ein professioneller Blueser. Matej h\u00f6rt Blues seit seiner Kindheit. Derzeit ist er einer der besten Mundharmonikaspieler Europas im Bereich des traditionellen Blues. Als erster tschechischer Mundharmonikaspieler trat er beim World Harmonica Festival 2009 in Trossingen, Deutschland, auf...","robots":{"index":"index","follow":"follow","max-snippet":"max-snippet:-1","max-image-preview":"max-image-preview:large","max-video-preview":"max-video-preview:-1"},"canonical":"http:\/\/worldharmonicafestival.de\/de\/kuenstlerprofil-ptaszek-und-buzma\/","og_locale":"de_DE","og_type":"article","og_title":"WHF 2025 - K\u00fcnstlerprofil: Ptaszek und Buzma - worldharmonicafestival.de","og_description":"Matej Ptaszek war urspr\u00fcnglich ein professioneller Kunstfotograf. Seit 2004 ist er jedoch ein professioneller Blueser. Matej h\u00f6rt Blues seit seiner Kindheit. Derzeit ist er einer der besten Mundharmonikaspieler Europas im Bereich des traditionellen Blues. Als erster tschechischer Mundharmonikaspieler trat er beim World Harmonica Festival 2009 in Trossingen, Deutschland, auf...","og_url":"http:\/\/worldharmonicafestival.de\/de\/kuenstlerprofil-ptaszek-und-buzma\/","og_site_name":"worldharmonicafestival.de","article_publisher":"https:\/\/www.facebook.com\/HohnerMusic","article_modified_time":"2025-02-09T02:13:30+00:00","og_image":[{"width":375,"height":265,"url":"http:\/\/worldharmonicafestival.de\/wp-content\/uploads\/2025\/01\/Ptaszek_Buzma_375.jpg","type":"image\/jpeg"}],"twitter_card":"summary_large_image","twitter_site":"@playhohner","schema":{"@context":"https:\/\/schema.org","@graph":[{"@type":"WebPage","@id":"http:\/\/worldharmonicafestival.de\/de\/kuenstlerprofil-ptaszek-und-buzma\/","url":"http:\/\/worldharmonicafestival.de\/de\/kuenstlerprofil-ptaszek-und-buzma\/","name":"WHF 2025 - K\u00fcnstlerprofil: Ptaszek und Buzma - worldharmonicafestival.de","isPartOf":{"@id":"http:\/\/worldharmonicafestival.de\/de\/#website"},"primaryImageOfPage":{"@id":"http:\/\/worldharmonicafestival.de\/de\/kuenstlerprofil-ptaszek-und-buzma\/#primaryimage"},"image":{"@id":"http:\/\/worldharmonicafestival.de\/de\/kuenstlerprofil-ptaszek-und-buzma\/#primaryimage"},"thumbnailUrl":"http:\/\/worldharmonicafestival.de\/wp-content\/uploads\/2025\/01\/Ptaszek_Buzma_375.jpg","datePublished":"2025-01-16T09:51:43+00:00","dateModified":"2025-02-09T02:13:30+00:00","description":"Matej Ptaszek war urspr\u00fcnglich ein professioneller Kunstfotograf. Seit 2004 ist er jedoch ein professioneller Blueser. Matej h\u00f6rt Blues seit seiner Kindheit. Derzeit ist er einer der besten Mundharmonikaspieler Europas im Bereich des traditionellen Blues. Als erster tschechischer Mundharmonikaspieler trat er beim World Harmonica Festival 2009 in Trossingen, Deutschland, auf...","breadcrumb":{"@id":"http:\/\/worldharmonicafestival.de\/de\/kuenstlerprofil-ptaszek-und-buzma\/#breadcrumb"},"inLanguage":"de","potentialAction":[{"@type":"ReadAction","target":["http:\/\/worldharmonicafestival.de\/de\/kuenstlerprofil-ptaszek-und-buzma\/"]}]},{"@type":"ImageObject","inLanguage":"de","@id":"http:\/\/worldharmonicafestival.de\/de\/kuenstlerprofil-ptaszek-und-buzma\/#primaryimage","url":"http:\/\/worldharmonicafestival.de\/wp-content\/uploads\/2025\/01\/Ptaszek_Buzma_375.jpg","contentUrl":"http:\/\/worldharmonicafestival.de\/wp-content\/uploads\/2025\/01\/Ptaszek_Buzma_375.jpg","width":375,"height":265},{"@type":"BreadcrumbList","@id":"http:\/\/worldharmonicafestival.de\/de\/kuenstlerprofil-ptaszek-und-buzma\/#breadcrumb","itemListElement":[{"@type":"ListItem","position":1,"name":"Home","item":"http:\/\/worldharmonicafestival.de\/de\/"},{"@type":"ListItem","position":2,"name":"K\u00fcnstlerprofil: Ptaszek und Buzma"}]},{"@type":"WebSite","@id":"http:\/\/worldharmonicafestival.de\/de\/#website","url":"http:\/\/worldharmonicafestival.de\/de\/","name":"worldharmonicafestival.de","description":"World Harmonica Festival 2025 Oct. 29th - Nov. 2nd  Trossingen \/ Germany","publisher":{"@id":"http:\/\/worldharmonicafestival.de\/de\/#organization"},"potentialAction":[{"@type":"SearchAction","target":{"@type":"EntryPoint","urlTemplate":"http:\/\/worldharmonicafestival.de\/de\/?s={search_term_string}"},"query-input":{"@type":"PropertyValueSpecification","valueRequired":true,"valueName":"search_term_string"}}],"inLanguage":"de"},{"@type":"Organization","@id":"http:\/\/worldharmonicafestival.de\/de\/#organization","name":"World Harmonica Festival 2025","url":"http:\/\/worldharmonicafestival.de\/de\/","logo":{"@type":"ImageObject","inLanguage":"de","@id":"http:\/\/worldharmonicafestival.de\/de\/#\/schema\/logo\/image\/","url":"https:\/\/worldharmonicafestival.de\/wp-content\/uploads\/2025\/02\/home.jpg","contentUrl":"https:\/\/worldharmonicafestival.de\/wp-content\/uploads\/2025\/02\/home.jpg","width":1920,"height":1080,"caption":"World Harmonica Festival 2025"},"image":{"@id":"http:\/\/worldharmonicafestival.de\/de\/#\/schema\/logo\/image\/"},"sameAs":["https:\/\/www.facebook.com\/HohnerMusic","https:\/\/x.com\/playhohner","https:\/\/www.instagram.com\/hohnerharmonica\/"]}]}},"ticketed":false,"_links":{"self":[{"href":"http:\/\/worldharmonicafestival.de\/de\/wp-json\/wp\/v2\/pages\/2158","targetHints":{"allow":["GET"]}}],"collection":[{"href":"http:\/\/worldharmonicafestival.de\/de\/wp-json\/wp\/v2\/pages"}],"about":[{"href":"http:\/\/worldharmonicafestival.de\/de\/wp-json\/wp\/v2\/types\/page"}],"author":[{"embeddable":true,"href":"http:\/\/worldharmonicafestival.de\/de\/wp-json\/wp\/v2\/users\/1"}],"replies":[{"embeddable":true,"href":"http:\/\/worldharmonicafestival.de\/de\/wp-json\/wp\/v2\/comments?post=2158"}],"version-history":[{"count":1,"href":"http:\/\/worldharmonicafestival.de\/de\/wp-json\/wp\/v2\/pages\/2158\/revisions"}],"predecessor-version":[{"id":2159,"href":"http:\/\/worldharmonicafestival.de\/de\/wp-json\/wp\/v2\/pages\/2158\/revisions\/2159"}],"wp:featuredmedia":[{"embeddable":true,"href":"http:\/\/worldharmonicafestival.de\/de\/wp-json\/wp\/v2\/media\/1626"}],"wp:attachment":[{"href":"http:\/\/worldharmonicafestival.de\/de\/wp-json\/wp\/v2\/media?parent=2158"}],"curies":[{"name":"wp","href":"https:\/\/api.w.org\/{rel}","templated":true}]}}